{"id":82194,"date":"2025-05-24T19:29:23","date_gmt":"2025-05-24T19:29:23","guid":{"rendered":"https:\/\/movio.be\/product\/provira-tv-meubel-102x445x50-cm-bewerkt-hout-betongrijs\/"},"modified":"2026-04-27T14:28:24","modified_gmt":"2026-04-27T14:28:24","slug":"provira-tv-meubel-102x445x50-cm-bewerkt-hout-betongrijs","status":"publish","type":"product","link":"https:\/\/movio.be\/fr\/product\/provira-tv-meubel-102x445x50-cm-bewerkt-hout-betongrijs\/","title":{"rendered":"Tv-meubel 102&#215;44,5&#215;50 cm bewerkt hout betongrijs"},"content":{"rendered":"<p>Dit opvallende tv-meubel straalt een vleugje moderne charme uit en vormt een geweldige aanvulling op je interieur. Duurzaam materiaal: het bewerkte hout is van hoge kwaliteit, heeft een glad oppervlak en is sterk, stabiel en vochtbestendig.Voldoende opbergruimte: de tv-kast beschikt over 4 open vakken en 2 lades om dvd-spelers, spelcomputers, streamingapparaten en mediadragers netjes en geordend op te bergen.Stevig en stabiel blad: het stevige blad is ideaal om je tv en stereoapparatuur of wat decoratieve voorwerpen, zoals vazen of potplanten, op te zetten.Scandinavische stijl: voeg een Scandinavische stijl aan je interieur toe! Een Scandinavisch ontwerp is ge\u00efnspireerd op strakke, eenvoudige lijnen, een minimalistische uitstraling en functionaliteit, zonder op schoonheid in te leveren. Waarschuwing:dit product moet met de inbegrepen materialen aan de wand gemonteerd worden, om eventueel kantelen\/omvallen te voorkomen. Opmerking:Bij elk product wordt een montagehandleiding in de doos geleverd, voor eenvoudige montage.<\/p>","protected":false},"excerpt":{"rendered":"<ul>\n<li>Couleur : gris b\u00e9ton<\/li>\n<li>Mat\u00e9riau : bois trait\u00e9 et bois d'eucalyptus massif<\/li>\n<li>Afmetingen: 102 x 44,5 x 50 cm (B x D x H)<\/li>\n<li>Documents l\u00e9gaux :\n<p><span>De plus amples informations sur la mani\u00e8re d'\u00e9viter le basculement de meubles sont disponibles \u00e0 l'adresse suivante <span style=\"text-decoration: underline;\"><strong><a title=\"https:\/\/bit.ly\/3i6EPfB\" href=\"https:\/\/bit.ly\/3i6EPfB\" target=\"_blank\">ici<\/a><\/strong><\/span><\/span><\/p>\n<\/li>\n<\/ul>","protected":false},"featured_media":82196,"comment_status":"closed","ping_status":"open","template":"","meta":[],"product_brand":[],"product_cat":[1637],"product_tag":[139,101,127,321,141,1840],"class_list":{"0":"post-82194","1":"product","2":"type-product","3":"status-publish","4":"has-post-thumbnail","6":"product_cat-scandinavische-tyl","7":"product_tag-bewerkt-hout","8":"product_tag-grijs","9":"product_tag-kast","10":"product_tag-massief","11":"product_tag-met-lade","12":"product_tag-scandinavisch","13":"pa_afwerking-massief","14":"pa_functie-met-lade","15":"pa_kleur-grijs","16":"pa_materiaal-bewerkt-hout","17":"pa_producttype-kast","18":"pa_stijl-scandinavisch","20":"first","21":"instock","22":"sale","23":"purchasable","24":"product-type-simple"},"_links":{"self":[{"href":"https:\/\/movio.be\/fr\/wp-json\/wp\/v2\/product\/82194","targetHints":{"allow":["GET"]}}],"collection":[{"href":"https:\/\/movio.be\/fr\/wp-json\/wp\/v2\/product"}],"about":[{"href":"https:\/\/movio.be\/fr\/wp-json\/wp\/v2\/types\/product"}],"replies":[{"embeddable":true,"href":"https:\/\/movio.be\/fr\/wp-json\/wp\/v2\/comments?post=82194"}],"version-history":[{"count":2,"href":"https:\/\/movio.be\/fr\/wp-json\/wp\/v2\/product\/82194\/revisions"}],"predecessor-version":[{"id":92706,"href":"https:\/\/movio.be\/fr\/wp-json\/wp\/v2\/product\/82194\/revisions\/92706"}],"wp:featuredmedia":[{"embeddable":true,"href":"https:\/\/movio.be\/fr\/wp-json\/wp\/v2\/media\/82196"}],"wp:attachment":[{"href":"https:\/\/movio.be\/fr\/wp-json\/wp\/v2\/media?parent=82194"}],"wp:term":[{"taxonomy":"product_brand","embeddable":true,"href":"https:\/\/movio.be\/fr\/wp-json\/wp\/v2\/product_brand?post=82194"},{"taxonomy":"product_cat","embeddable":true,"href":"https:\/\/movio.be\/fr\/wp-json\/wp\/v2\/product_cat?post=82194"},{"taxonomy":"product_tag","embeddable":true,"href":"https:\/\/movio.be\/fr\/wp-json\/wp\/v2\/product_tag?post=82194"}],"curies":[{"name":"wp","href":"https:\/\/api.w.org\/{rel}","templated":true}]}}