{"id":63098,"date":"2025-05-15T16:14:07","date_gmt":"2025-05-15T16:14:07","guid":{"rendered":"https:\/\/movio.be\/product\/provira-worteldoek-05x10-m-polypropeen-zwart\/"},"modified":"2026-04-27T14:26:56","modified_gmt":"2026-04-27T14:26:56","slug":"provira-worteldoek-05x10-m-polypropeen-zwart","status":"publish","type":"product","link":"https:\/\/movio.be\/fr\/product\/provira-worteldoek-05x10-m-polypropeen-zwart\/","title":{"rendered":"Worteldoek 0,5&#215;10 m polypropeen zwart"},"content":{"rendered":"<p>Cette toile de d\u00e9sherbage contr\u00f4le efficacement la croissance des mauvaises herbes et permet \u00e0 l'eau de p\u00e9n\u00e9trer dans le sol. Gardez votre jardin \u00e0 l'abri des mauvaises herbes gr\u00e2ce \u00e0 cette toile de d\u00e9sherbage ! Mat\u00e9riau durable et r\u00e9sistant aux UV : la toile de d\u00e9sherbage est fabriqu\u00e9e en polypropyl\u00e8ne durable et r\u00e9sistant aux UV pour une pr\u00e9vention maximale des mauvaises herbes. Elle pr\u00e9sente \u00e9galement une excellente perm\u00e9abilit\u00e9 \u00e0 l'air et \u00e0 l'eau, ce qui permet de conserver l'humidit\u00e9 et les nutriments dans le sol et de maintenir les plantes en bonne sant\u00e9.Facile \u00e0 utiliser : la toile anti-mauvaises herbes est facile \u00e0 couper et \u00e0 installer et peut \u00eatre personnalis\u00e9e en fonction de vos besoins. Polyvalente : vous pouvez utiliser la toile \u00e0 racines pour le jardinage ou l'am\u00e9nagement paysager, sous les lits sur\u00e9lev\u00e9s, le paillis, les chemins de gravier, les all\u00e9es, les terrasses, les pierres concass\u00e9es, les galets, les pelouses artificielles, les patios, afin de supprimer et de contr\u00f4ler la croissance des mauvaises herbes. Bon \u00e0 savoir : le produit est emball\u00e9 en double pliage et en rouleau.<\/p>","protected":false},"excerpt":{"rendered":"<ul>\n<li>Couleur : noir <\/li>\n<li>Mat\u00e9riau : polypropyl\u00e8ne 100% (PP)<\/li>\n<li>Afmetingen: 0,5 x 10 m (B x L)<\/li>\n<li>Avec des bandes vertes (tous les 20 cm)<\/li>\n<li>60 g\/m\u00b2<\/li>\n<\/ul>","protected":false},"featured_media":63100,"comment_status":"closed","ping_status":"open","template":"","meta":[],"product_brand":[630],"product_cat":[1240,1388,1290,1311],"product_tag":[330,1787,353,251,133],"class_list":{"0":"post-63098","1":"product","2":"type-product","3":"status-publish","4":"has-post-thumbnail","6":"product_brand-m-decimal-2d-compact-tube","7":"product_cat-huis-tuin","8":"product_cat-onkruiddoekken","9":"product_cat-tuin-gazon","10":"product_cat-tuinieren","11":"product_tag-bed","12":"product_tag-duurzaam","13":"product_tag-mat","14":"product_tag-stof","15":"product_tag-zwart","16":"pa_afwerking-duurzaam","17":"pa_afwerking-mat","18":"pa_kleur-zwart","19":"pa_materiaal-stof","21":"first","22":"instock","23":"sale","24":"purchasable","25":"product-type-simple"},"_links":{"self":[{"href":"https:\/\/movio.be\/fr\/wp-json\/wp\/v2\/product\/63098","targetHints":{"allow":["GET"]}}],"collection":[{"href":"https:\/\/movio.be\/fr\/wp-json\/wp\/v2\/product"}],"about":[{"href":"https:\/\/movio.be\/fr\/wp-json\/wp\/v2\/types\/product"}],"replies":[{"embeddable":true,"href":"https:\/\/movio.be\/fr\/wp-json\/wp\/v2\/comments?post=63098"}],"version-history":[{"count":2,"href":"https:\/\/movio.be\/fr\/wp-json\/wp\/v2\/product\/63098\/revisions"}],"predecessor-version":[{"id":90568,"href":"https:\/\/movio.be\/fr\/wp-json\/wp\/v2\/product\/63098\/revisions\/90568"}],"wp:featuredmedia":[{"embeddable":true,"href":"https:\/\/movio.be\/fr\/wp-json\/wp\/v2\/media\/63100"}],"wp:attachment":[{"href":"https:\/\/movio.be\/fr\/wp-json\/wp\/v2\/media?parent=63098"}],"wp:term":[{"taxonomy":"product_brand","embeddable":true,"href":"https:\/\/movio.be\/fr\/wp-json\/wp\/v2\/product_brand?post=63098"},{"taxonomy":"product_cat","embeddable":true,"href":"https:\/\/movio.be\/fr\/wp-json\/wp\/v2\/product_cat?post=63098"},{"taxonomy":"product_tag","embeddable":true,"href":"https:\/\/movio.be\/fr\/wp-json\/wp\/v2\/product_tag?post=63098"}],"curies":[{"name":"wp","href":"https:\/\/api.w.org\/{rel}","templated":true}]}}