{"id":59614,"date":"2025-05-15T15:25:40","date_gmt":"2025-05-15T15:25:40","guid":{"rendered":"https:\/\/movio.be\/product\/provira-compostbak-100x100x102-cm-massief-grenenhout-honingbruin\/"},"modified":"2026-04-27T14:26:00","modified_gmt":"2026-04-27T14:26:00","slug":"provira-compostbak-100x100x102-cm-massief-grenenhout-honingbruin","status":"publish","type":"product","link":"https:\/\/movio.be\/fr\/product\/provira-compostbak-100x100x102-cm-massief-grenenhout-honingbruin\/","title":{"rendered":"Bac \u00e0 compost 100x100x102 cm pin massif brun miel"},"content":{"rendered":"<p>Ce bac \u00e0 compost pratique est une option id\u00e9ale pour collecter vos d\u00e9chets. Pin massif : Le pin massif est un mat\u00e9riau magnifique et naturel. Le pin a un grain droit et les n\u0153uds lui donnent un aspect rustique distinctif. Cadre stable : le cadre en bois offre robustesse et stabilit\u00e9. Grande capacit\u00e9 : ce bac \u00e0 compost a une grande capacit\u00e9, ce qui le rend id\u00e9al pour le recyclage de vos mati\u00e8res organiques et de vos d\u00e9chets. Fonction pratique : lors du jardinage, ce bac \u00e0 compost peut \u00eatre utilis\u00e9 pour collecter les d\u00e9chets de jardin tels que les feuilles, les mauvaises herbes et l'herbe coup\u00e9e. Ce bac \u00e0 compost vous permet \u00e9galement de produire un engrais pr\u00e9cieux et naturel. Remarque : chaque produit est livr\u00e9 avec des instructions de montage dans la bo\u00eete pour faciliter l'assemblage.<\/p>","protected":false},"excerpt":{"rendered":"<ul>\n<li>Couleur : brun miel<\/li>\n<li>Mat\u00e9riau : pin massif<\/li>\n<li>Dimensions : 100 x 100 x 102 cm (L x P x H)<\/li>\n<\/ul>","protected":false},"featured_media":59616,"comment_status":"closed","ping_status":"open","template":"","meta":[],"product_brand":[],"product_cat":[1314,1240,1290,1311],"product_tag":[146,326,145,321,353,198,1785],"class_list":{"0":"post-59614","1":"product","2":"type-product","3":"status-publish","4":"has-post-thumbnail","6":"product_cat-compostbakken","7":"product_cat-huis-tuin","8":"product_cat-tuin-gazon","9":"product_cat-tuinieren","10":"product_tag-bruin","11":"product_tag-grenenhout","12":"product_tag-industrieel","13":"product_tag-massief","14":"product_tag-mat","15":"product_tag-natuurlijk","16":"product_tag-stabiel","17":"pa_afwerking-massief","18":"pa_afwerking-mat","19":"pa_afwerking-natuurlijk","20":"pa_afwerking-stabiel","21":"pa_kleur-bruin","22":"pa_materiaal-grenenhout","23":"pa_stijl-industrieel","25":"first","26":"instock","27":"sale","28":"purchasable","29":"product-type-simple"},"_links":{"self":[{"href":"https:\/\/movio.be\/fr\/wp-json\/wp\/v2\/product\/59614","targetHints":{"allow":["GET"]}}],"collection":[{"href":"https:\/\/movio.be\/fr\/wp-json\/wp\/v2\/product"}],"about":[{"href":"https:\/\/movio.be\/fr\/wp-json\/wp\/v2\/types\/product"}],"replies":[{"embeddable":true,"href":"https:\/\/movio.be\/fr\/wp-json\/wp\/v2\/comments?post=59614"}],"version-history":[{"count":2,"href":"https:\/\/movio.be\/fr\/wp-json\/wp\/v2\/product\/59614\/revisions"}],"predecessor-version":[{"id":95571,"href":"https:\/\/movio.be\/fr\/wp-json\/wp\/v2\/product\/59614\/revisions\/95571"}],"wp:featuredmedia":[{"embeddable":true,"href":"https:\/\/movio.be\/fr\/wp-json\/wp\/v2\/media\/59616"}],"wp:attachment":[{"href":"https:\/\/movio.be\/fr\/wp-json\/wp\/v2\/media?parent=59614"}],"wp:term":[{"taxonomy":"product_brand","embeddable":true,"href":"https:\/\/movio.be\/fr\/wp-json\/wp\/v2\/product_brand?post=59614"},{"taxonomy":"product_cat","embeddable":true,"href":"https:\/\/movio.be\/fr\/wp-json\/wp\/v2\/product_cat?post=59614"},{"taxonomy":"product_tag","embeddable":true,"href":"https:\/\/movio.be\/fr\/wp-json\/wp\/v2\/product_tag?post=59614"}],"curies":[{"name":"wp","href":"https:\/\/api.w.org\/{rel}","templated":true}]}}