{"id":57512,"date":"2025-05-15T14:57:39","date_gmt":"2025-05-15T14:57:39","guid":{"rendered":"https:\/\/movio.be\/product\/provira-schommelbank-voor-buiten-met-dak-192x118x175-cm-staal-antraciet\/"},"modified":"2026-04-27T14:25:25","modified_gmt":"2026-04-27T14:25:25","slug":"provira-schommelbank-voor-buiten-met-dak-192x118x175-cm-staal-antraciet","status":"publish","type":"product","link":"https:\/\/movio.be\/fr\/product\/provira-schommelbank-voor-buiten-met-dak-192x118x175-cm-staal-antraciet\/","title":{"rendered":"Canap\u00e9 balan\u00e7oire ext\u00e9rieur avec toit 192x118x175 cm acier anthracite"},"content":{"rendered":"<p>Deze schommelbank met luifel wordt het middelpunt van je tuin of andere buitenruimte. Hij is een perfecte keuze om te ontspannen of te genieten van een gesprek met een vriend in de tuin, op het balkon of op het terras. Hij heeft een gepoedercoat stalen frame dat de bank zeer stevig en duurzaam maakt. Het zachte polyester zit- en rugkussen is zeer comfortabel. De schommelbank voor 2 personen biedt met zijn grote verstelbare luifel beschutting tegen de zon. Je vindt het heerlijk om in de zomerbries op de bank te schommelen. De schommelbank kan worden omgebouwd tot een gezellig en comfortabel bed voor een nog meer ontspannende ervaring. Onze bank vereist montage. De levering bevat 1 schommelbank, 1 groot kussen en 1 luifel.<\/p>","protected":false},"excerpt":{"rendered":"<ul>\n<li>Couleur : anthracite<\/li>\n<li>Materiaal: gepoedercoat stalen frame en stof<\/li>\n<li>Totale afmetingen: 192 x 118 x (167 &#8211; 175) cm (L x B x H)<\/li>\n<li>Afmetingen zitting: 154 x 50 cm (L x H)<\/li>\n<li>Hauteur du si\u00e8ge par rapport au sol : 45 cm<\/li>\n<li>Kan in een bed worden veranderd<\/li>\n<li>Afmetingen bed: 154 x 100 cm (L x H)<\/li>\n<li>Dikte kussen: 6 cm<\/li>\n<li>Verstelbare luifel<\/li>\n<li>Levering bevat 1 groot kussen en 1 luifel<\/li>\n<li>Mati\u00e8re : Polyester : 100%<\/li>\n<\/ul>","protected":false},"featured_media":57514,"comment_status":"closed","ping_status":"open","template":"","meta":[],"product_brand":[],"product_cat":[1296,1240,1308,1290],"product_tag":[208,1797,1807,1787,370,151,119],"class_list":{"0":"post-57512","1":"product","2":"type-product","3":"status-publish","4":"has-post-thumbnail","6":"product_cat-buitenleven","7":"product_cat-huis-tuin","8":"product_cat-schommelbanken","9":"product_cat-tuin-gazon","10":"product_tag-antraciet","11":"product_tag-bank","12":"product_tag-design","13":"product_tag-duurzaam","14":"product_tag-gepoedercoat","15":"product_tag-staal","16":"product_tag-verstelbaar","17":"pa_afwerking-duurzaam","18":"pa_afwerking-gepoedercoat","19":"pa_functie-verstelbaar","20":"pa_kleur-antraciet","21":"pa_materiaal-staal","22":"pa_producttype-bank","23":"pa_stijl-design","25":"first","26":"instock","27":"sale","28":"purchasable","29":"product-type-simple"},"_links":{"self":[{"href":"https:\/\/movio.be\/fr\/wp-json\/wp\/v2\/product\/57512","targetHints":{"allow":["GET"]}}],"collection":[{"href":"https:\/\/movio.be\/fr\/wp-json\/wp\/v2\/product"}],"about":[{"href":"https:\/\/movio.be\/fr\/wp-json\/wp\/v2\/types\/product"}],"replies":[{"embeddable":true,"href":"https:\/\/movio.be\/fr\/wp-json\/wp\/v2\/comments?post=57512"}],"version-history":[{"count":2,"href":"https:\/\/movio.be\/fr\/wp-json\/wp\/v2\/product\/57512\/revisions"}],"predecessor-version":[{"id":95819,"href":"https:\/\/movio.be\/fr\/wp-json\/wp\/v2\/product\/57512\/revisions\/95819"}],"wp:featuredmedia":[{"embeddable":true,"href":"https:\/\/movio.be\/fr\/wp-json\/wp\/v2\/media\/57514"}],"wp:attachment":[{"href":"https:\/\/movio.be\/fr\/wp-json\/wp\/v2\/media?parent=57512"}],"wp:term":[{"taxonomy":"product_brand","embeddable":true,"href":"https:\/\/movio.be\/fr\/wp-json\/wp\/v2\/product_brand?post=57512"},{"taxonomy":"product_cat","embeddable":true,"href":"https:\/\/movio.be\/fr\/wp-json\/wp\/v2\/product_cat?post=57512"},{"taxonomy":"product_tag","embeddable":true,"href":"https:\/\/movio.be\/fr\/wp-json\/wp\/v2\/product_tag?post=57512"}],"curies":[{"name":"wp","href":"https:\/\/api.w.org\/{rel}","templated":true}]}}