{"id":54961,"date":"2025-05-15T14:23:34","date_gmt":"2025-05-15T14:23:34","guid":{"rendered":"https:\/\/movio.be\/product\/provira-dekbedovertrekset-lichtgewicht-200x220-cm-microvezel-grijs\/"},"modified":"2026-04-27T14:24:34","modified_gmt":"2026-04-27T14:24:34","slug":"provira-dekbedovertrekset-lichtgewicht-200x220-cm-microvezel-grijs","status":"publish","type":"product","link":"https:\/\/movio.be\/fr\/product\/provira-dekbedovertrekset-lichtgewicht-200x220-cm-microvezel-grijs\/","title":{"rendered":"Dekbedovertrekset lichtgewicht 200&#215;220 cm microvezel grijs"},"content":{"rendered":"<p>Dit dekbedovertrek is zacht en comfortabel en voegt een leuke sfeer toe aan je slaapkamer. Lichtgewicht materiaal: microvezel is een synthetische stof die bestaat uit ultrafijne vezels, die bijzonder ongevoelig zijn voor vlekken. Microvezelstof is dankzij zijn lichte gewicht, duurzaamheid en eenvoudige reiniging, een goede keuze voor beddengoed.Elegante uitstraling: het dekbedovertrek voelt geweldig aan en ziet er ook geweldig uit. Het voegt extra stijl en elegantie toe aan je slaapkamer.Standard 100 van OEKO-TEX: de set is in de OEKO-TEX standard 100 fabriek gemaakt. Dat is een onafhankelijk certificatiesysteem dat kwaliteit garandeert.Eenvoudig schoon te maken: het dekbedovertrek en de kussensloop zijn eenvoudig in de wasmachine te wassen.Blijvende duurzaamheid: dit dekbedovertrek is duurzaam en gaat jarenlang mee. Het is beter bestand tegen vervagen en vlekken.<\/p>","protected":false},"excerpt":{"rendered":"<ul>\n<li>Couleur : gris<\/li>\n<li>Materiaal: microvezelstof (100% polyester)<\/li>\n<li>Afmetingen dekbedovertrek: 200 x 220 cm (B x L)<\/li>\n<li>Afmetingen kussensloop: 80 x 80 cm (B x L)<\/li>\n<li>Fermeture \u00e0 bouton cach\u00e9<\/li>\n<li>Sans plis<\/li>\n<li>L\u00e9ger et d'une douceur exceptionnelle<\/li>\n<li>Un look intemporel<\/li>\n<li>S'int\u00e8gre parfaitement \u00e0 l'int\u00e9rieur de la maison<\/li>\n<li>Facile \u00e0 entretenir<\/li>\n<li>Lavage en machine \u00e0 chaud, sans javellisation, s\u00e9chage en machine \u00e0 froid.<\/li>\n<li>OEKO-TEX Standard 100 <\/li>\n<li><strong>La livraison comprend<\/strong><\/li>\n<li>1 x housse de couette<\/li>\n<li>2 x kussensloop<\/li>\n<\/ul>","protected":false},"featured_media":54963,"comment_status":"closed","ping_status":"open","template":"","meta":[],"product_brand":[],"product_cat":[1281,1240,1279],"product_tag":[330,1787,101,353,255,499],"class_list":{"0":"post-54961","1":"product","2":"type-product","3":"status-publish","4":"has-post-thumbnail","6":"product_cat-dekbedovertrekken","7":"product_cat-huis-tuin","8":"product_cat-linnengoed","9":"product_tag-bed","10":"product_tag-duurzaam","11":"product_tag-grijs","12":"product_tag-mat","13":"product_tag-microvezelstof","14":"product_tag-rek","15":"pa_afwerking-duurzaam","16":"pa_afwerking-mat","17":"pa_kleur-grijs","18":"pa_materiaal-microvezelstof","20":"first","21":"instock","22":"sale","23":"purchasable","24":"product-type-simple"},"_links":{"self":[{"href":"https:\/\/movio.be\/fr\/wp-json\/wp\/v2\/product\/54961","targetHints":{"allow":["GET"]}}],"collection":[{"href":"https:\/\/movio.be\/fr\/wp-json\/wp\/v2\/product"}],"about":[{"href":"https:\/\/movio.be\/fr\/wp-json\/wp\/v2\/types\/product"}],"replies":[{"embeddable":true,"href":"https:\/\/movio.be\/fr\/wp-json\/wp\/v2\/comments?post=54961"}],"version-history":[{"count":2,"href":"https:\/\/movio.be\/fr\/wp-json\/wp\/v2\/product\/54961\/revisions"}],"predecessor-version":[{"id":91057,"href":"https:\/\/movio.be\/fr\/wp-json\/wp\/v2\/product\/54961\/revisions\/91057"}],"wp:featuredmedia":[{"embeddable":true,"href":"https:\/\/movio.be\/fr\/wp-json\/wp\/v2\/media\/54963"}],"wp:attachment":[{"href":"https:\/\/movio.be\/fr\/wp-json\/wp\/v2\/media?parent=54961"}],"wp:term":[{"taxonomy":"product_brand","embeddable":true,"href":"https:\/\/movio.be\/fr\/wp-json\/wp\/v2\/product_brand?post=54961"},{"taxonomy":"product_cat","embeddable":true,"href":"https:\/\/movio.be\/fr\/wp-json\/wp\/v2\/product_cat?post=54961"},{"taxonomy":"product_tag","embeddable":true,"href":"https:\/\/movio.be\/fr\/wp-json\/wp\/v2\/product_tag?post=54961"}],"curies":[{"name":"wp","href":"https:\/\/api.w.org\/{rel}","templated":true}]}}