{"id":54410,"date":"2025-05-15T14:15:57","date_gmt":"2025-05-15T14:15:57","guid":{"rendered":"https:\/\/movio.be\/product\/provira-keukenwandkast-met-schuifdeuren-150x40x50-cm-roestvrij-staal\/"},"modified":"2026-04-27T14:24:26","modified_gmt":"2026-04-27T14:24:26","slug":"provira-keukenwandkast-met-schuifdeuren-150x40x50-cm-roestvrij-staal","status":"publish","type":"product","link":"https:\/\/movio.be\/fr\/product\/provira-keukenwandkast-met-schuifdeuren-150x40x50-cm-roestvrij-staal\/","title":{"rendered":"Armoire de cuisine \u00e0 portes coulissantes 150x40x50 cm en acier inoxydable"},"content":{"rendered":"<p>Notre armoire murale de cuisine est essentielle pour les \u00e9tablissements de restauration commerciale, tels que les restaurants, les h\u00f4tels et les cantines. L'armoire de cuisine est fabriqu\u00e9e en acier inoxydable, ce qui la rend exceptionnellement durable, stable et facile \u00e0 nettoyer. Elle est parfaite pour les endroits o\u00f9 un niveau d'hygi\u00e8ne \u00e9lev\u00e9 est exig\u00e9. Gr\u00e2ce \u00e0 son grand espace de rangement, l'armoire murale garde votre cuisine organis\u00e9e et propre. De plus, la conception de la porte coulissante garantit un acc\u00e8s facile \u00e0 tous les articles \u00e0 l'int\u00e9rieur. L'armoire murale est facile \u00e0 assembler.<\/p>\n<p>n<\/p>","protected":false},"excerpt":{"rendered":"<ul>n<\/p>\n<li>Mat\u00e9riau : acier inoxydable<\/li>\n<p>n<\/p>\n<li>Totale afmetingen: 150 x 40 x 50 cm (L x B x H)<\/li>\n<p>n<\/p>\n<li>Avec 2 portes coulissantes<\/li>\n<p>n<\/p>\n<li>Avec espace de stockage<\/li>\n<p>n<\/p>\n<li>Conception hygi\u00e9nique, antirouille et facile \u00e0 nettoyer<\/li>\n<p>n<\/ul>\n<p>n<\/p>","protected":false},"featured_media":54412,"comment_status":"closed","ping_status":"open","template":"","meta":[],"product_brand":[],"product_cat":[1268,1240,1267],"product_tag":[1807,1787,1802,127,1922,188,151,1785,200],"class_list":{"0":"post-54410","1":"product","2":"type-product","3":"status-publish","4":"has-post-thumbnail","6":"product_cat-eten-bewaren","7":"product_cat-huis-tuin","8":"product_cat-keuken-eetkamer","9":"product_tag-design","10":"product_tag-duurzaam","11":"product_tag-gemakkelijk-schoon-te-maken","12":"product_tag-kast","13":"product_tag-met-schuifdeuren","14":"product_tag-roestvrij-staal","15":"product_tag-staal","16":"product_tag-stabiel","17":"product_tag-wandkast","18":"pa_afwerking-duurzaam","19":"pa_afwerking-gemakkelijk-schoon-te-maken","20":"pa_afwerking-stabiel","21":"pa_functie-met-schuifdeuren","22":"pa_materiaal-roestvrij-staal","23":"pa_producttype-kast","24":"pa_producttype-wandkast","25":"pa_stijl-design","27":"first","28":"instock","29":"sale","30":"purchasable","31":"product-type-simple"},"_links":{"self":[{"href":"https:\/\/movio.be\/fr\/wp-json\/wp\/v2\/product\/54410","targetHints":{"allow":["GET"]}}],"collection":[{"href":"https:\/\/movio.be\/fr\/wp-json\/wp\/v2\/product"}],"about":[{"href":"https:\/\/movio.be\/fr\/wp-json\/wp\/v2\/types\/product"}],"replies":[{"embeddable":true,"href":"https:\/\/movio.be\/fr\/wp-json\/wp\/v2\/comments?post=54410"}],"version-history":[{"count":4,"href":"https:\/\/movio.be\/fr\/wp-json\/wp\/v2\/product\/54410\/revisions"}],"predecessor-version":[{"id":98587,"href":"https:\/\/movio.be\/fr\/wp-json\/wp\/v2\/product\/54410\/revisions\/98587"}],"wp:featuredmedia":[{"embeddable":true,"href":"https:\/\/movio.be\/fr\/wp-json\/wp\/v2\/media\/54412"}],"wp:attachment":[{"href":"https:\/\/movio.be\/fr\/wp-json\/wp\/v2\/media?parent=54410"}],"wp:term":[{"taxonomy":"product_brand","embeddable":true,"href":"https:\/\/movio.be\/fr\/wp-json\/wp\/v2\/product_brand?post=54410"},{"taxonomy":"product_cat","embeddable":true,"href":"https:\/\/movio.be\/fr\/wp-json\/wp\/v2\/product_cat?post=54410"},{"taxonomy":"product_tag","embeddable":true,"href":"https:\/\/movio.be\/fr\/wp-json\/wp\/v2\/product_tag?post=54410"}],"curies":[{"name":"wp","href":"https:\/\/api.w.org\/{rel}","templated":true}]}}