{"id":54156,"date":"2025-05-15T14:12:56","date_gmt":"2025-05-15T14:12:56","guid":{"rendered":"https:\/\/movio.be\/product\/provira-prieelzijwand-met-ramen-6x2-m-wit\/"},"modified":"2026-04-27T14:24:24","modified_gmt":"2026-04-27T14:24:24","slug":"provira-prieelzijwand-met-ramen-6x2-m-wit","status":"publish","type":"product","link":"https:\/\/movio.be\/fr\/product\/provira-prieelzijwand-met-ramen-6x2-m-wit\/","title":{"rendered":"Prieelzijwand met ramen 6&#215;2 m wit"},"content":{"rendered":"<p>Cette paroi lat\u00e9rale de tonnelle avec fen\u00eatres est le choix id\u00e9al pour toute tente de r\u00e9ception. La paroi de la tente de r\u00e9ception est fabriqu\u00e9e en tissu, ce qui la rend solide et durable. Elle emp\u00eache efficacement les moustiques de p\u00e9n\u00e9trer dans la tente. Les bandes sur le bord de la paroi lat\u00e9rale facilitent l'installation et assurent une fixation stable. La fen\u00eatre en PVC transparent laisse entrer la lumi\u00e8re, cr\u00e9ant ainsi une atmosph\u00e8re agr\u00e9able. Ce produit n'est pas adapt\u00e9 \u00e0 des conditions m\u00e9t\u00e9orologiques extr\u00eames telles que des vents violents ou des chutes de neige.<\/p>","protected":false},"excerpt":{"rendered":"<ul>\n<li>Couleur : blanc<\/li>\n<li>Mati\u00e8re : tissu (100% polyester) et PVC<\/li>\n<li>Dimensions totales : 590 x 200 cm (L x l)<\/li>\n<li>Dimensions de la fen\u00eatre : 200 x 70 cm (L x H)<\/li>\n<li>Poids du tissu : 70 g\/m\u00b2.<\/li>\n<\/ul>","protected":false},"featured_media":54158,"comment_status":"closed","ping_status":"open","template":"","meta":[],"product_brand":[],"product_cat":[1300,1296,1240,1290],"product_tag":[1787,1897,1785,251,144],"class_list":{"0":"post-54156","1":"product","2":"type-product","3":"status-publish","4":"has-post-thumbnail","6":"product_cat-accessoires-voor-partytenten-prieeltjes","7":"product_cat-buitenleven","8":"product_cat-huis-tuin","9":"product_cat-tuin-gazon","10":"product_tag-duurzaam","11":"product_tag-met-ramen","12":"product_tag-stabiel","13":"product_tag-stof","14":"product_tag-wit","15":"pa_afwerking-duurzaam","16":"pa_afwerking-stabiel","17":"pa_functie-met-ramen","18":"pa_kleur-wit","19":"pa_materiaal-stof","21":"first","22":"instock","23":"sale","24":"purchasable","25":"product-type-simple"},"_links":{"self":[{"href":"https:\/\/movio.be\/fr\/wp-json\/wp\/v2\/product\/54156","targetHints":{"allow":["GET"]}}],"collection":[{"href":"https:\/\/movio.be\/fr\/wp-json\/wp\/v2\/product"}],"about":[{"href":"https:\/\/movio.be\/fr\/wp-json\/wp\/v2\/types\/product"}],"replies":[{"embeddable":true,"href":"https:\/\/movio.be\/fr\/wp-json\/wp\/v2\/comments?post=54156"}],"version-history":[{"count":2,"href":"https:\/\/movio.be\/fr\/wp-json\/wp\/v2\/product\/54156\/revisions"}],"predecessor-version":[{"id":91177,"href":"https:\/\/movio.be\/fr\/wp-json\/wp\/v2\/product\/54156\/revisions\/91177"}],"wp:featuredmedia":[{"embeddable":true,"href":"https:\/\/movio.be\/fr\/wp-json\/wp\/v2\/media\/54158"}],"wp:attachment":[{"href":"https:\/\/movio.be\/fr\/wp-json\/wp\/v2\/media?parent=54156"}],"wp:term":[{"taxonomy":"product_brand","embeddable":true,"href":"https:\/\/movio.be\/fr\/wp-json\/wp\/v2\/product_brand?post=54156"},{"taxonomy":"product_cat","embeddable":true,"href":"https:\/\/movio.be\/fr\/wp-json\/wp\/v2\/product_cat?post=54156"},{"taxonomy":"product_tag","embeddable":true,"href":"https:\/\/movio.be\/fr\/wp-json\/wp\/v2\/product_tag?post=54156"}],"curies":[{"name":"wp","href":"https:\/\/api.w.org\/{rel}","templated":true}]}}