{"id":50531,"date":"2025-05-15T13:26:00","date_gmt":"2025-05-15T13:26:00","guid":{"rendered":"https:\/\/movio.be\/product\/provira-gordijnen-met-gleuven-135-x-245-cm-zwart-2-st\/"},"modified":"2026-04-27T14:23:23","modified_gmt":"2026-04-27T14:23:23","slug":"provira-gordijnen-met-gleuven-135-x-245-cm-zwart-2-st","status":"publish","type":"product","link":"https:\/\/movio.be\/fr\/product\/provira-gordijnen-met-gleuven-135-x-245-cm-zwart-2-st\/","title":{"rendered":"Rideaux avec fentes 135 x 245 cm noir 2 pcs."},"content":{"rendered":"<p>Ces rideaux \u00e9l\u00e9gants sont magnifiques dans le salon, la chambre \u00e0 coucher, le bureau, etc. Ils prot\u00e8gent l'intimit\u00e9 et bloquent la lumi\u00e8re. Les rideaux ont un design simple mais intemporel. Les fentes permettent de suspendre facilement les rideaux. Les rideaux peuvent \u00eatre maintenus ouverts \u00e0 l'aide des cordons. Les rideaux sont fabriqu\u00e9s en micro-satin polyester de haute qualit\u00e9 et sont lavables \u00e0 la main. La livraison comprend 2 rideaux et 2 cordes \u00e0 rideaux. La tringle \u00e0 rideaux n'est pas incluse.<\/p>","protected":false},"excerpt":{"rendered":"<ul>\n<li>Couleur : noir<\/li>\n<li>Dimensions : 135 x 245 cm (L x H)<\/li>\n<li>Entretien : lavage \u00e0 la main<\/li>\n<li>Avec des fentes<\/li>\n<li>La livraison comprend 2 x rideaux et 2 x cordons de rideaux.<\/li>\n<li>Mati\u00e8re : Polyester : 100%<\/li>\n<\/ul>","protected":false},"featured_media":50533,"comment_status":"closed","ping_status":"open","template":"","meta":[],"product_brand":[],"product_cat":[1328,1240,1327],"product_tag":[251,133],"class_list":{"0":"post-50531","1":"product","2":"type-product","3":"status-publish","4":"has-post-thumbnail","6":"product_cat-gordijnen-vitrages","7":"product_cat-huis-tuin","8":"product_cat-raamdecoratie","9":"product_tag-stof","10":"product_tag-zwart","11":"pa_kleur-zwart","12":"pa_materiaal-stof","14":"first","15":"instock","16":"sale","17":"purchasable","18":"product-type-simple"},"_links":{"self":[{"href":"https:\/\/movio.be\/fr\/wp-json\/wp\/v2\/product\/50531","targetHints":{"allow":["GET"]}}],"collection":[{"href":"https:\/\/movio.be\/fr\/wp-json\/wp\/v2\/product"}],"about":[{"href":"https:\/\/movio.be\/fr\/wp-json\/wp\/v2\/types\/product"}],"replies":[{"embeddable":true,"href":"https:\/\/movio.be\/fr\/wp-json\/wp\/v2\/comments?post=50531"}],"version-history":[{"count":2,"href":"https:\/\/movio.be\/fr\/wp-json\/wp\/v2\/product\/50531\/revisions"}],"predecessor-version":[{"id":91729,"href":"https:\/\/movio.be\/fr\/wp-json\/wp\/v2\/product\/50531\/revisions\/91729"}],"wp:featuredmedia":[{"embeddable":true,"href":"https:\/\/movio.be\/fr\/wp-json\/wp\/v2\/media\/50533"}],"wp:attachment":[{"href":"https:\/\/movio.be\/fr\/wp-json\/wp\/v2\/media?parent=50531"}],"wp:term":[{"taxonomy":"product_brand","embeddable":true,"href":"https:\/\/movio.be\/fr\/wp-json\/wp\/v2\/product_brand?post=50531"},{"taxonomy":"product_cat","embeddable":true,"href":"https:\/\/movio.be\/fr\/wp-json\/wp\/v2\/product_cat?post=50531"},{"taxonomy":"product_tag","embeddable":true,"href":"https:\/\/movio.be\/fr\/wp-json\/wp\/v2\/product_tag?post=50531"}],"curies":[{"name":"wp","href":"https:\/\/api.w.org\/{rel}","templated":true}]}}