{"id":43971,"date":"2025-05-15T11:46:44","date_gmt":"2025-05-15T11:46:44","guid":{"rendered":"https:\/\/movio.be\/product\/provira-kerstslinger-versierd-met-kerstballen-10-m-wit\/"},"modified":"2026-04-27T14:21:34","modified_gmt":"2026-04-27T14:21:34","slug":"provira-kerstslinger-versierd-met-kerstballen-10-m-wit","status":"publish","type":"product","link":"https:\/\/movio.be\/fr\/product\/provira-kerstslinger-versierd-met-kerstballen-10-m-wit\/","title":{"rendered":"Kerstslinger versierd met kerstballen 10 m wit"},"content":{"rendered":"<p>Deze weelderige, dikke slinger met kerstballen is een ideale toevoeging aan je trapleuning, plafond, open haard of ramen en zal de perfecte sfeer cre\u00ebren voor aankomende kerst. Hij ziet er spectaculair uit, waar je hem ook ophangt. Deze mooie kerstversiering is gemaakt van PVC en is weerbestendig, waardoor hij geschikt is voor zowel binnen- als buitengebruik. In huis dient de slinger ook als een echte blikvanger. Wanneer hij niet gebruikt wordt, kan hij gemakkelijk worden opgeborgen voor volgend jaar. Cre\u00eber de perfecte kerstsfeer met onze mooie kerstslinger!<\/p>","protected":false},"excerpt":{"rendered":"<ul>\n<li>Kleur slinger: wit<\/li>\n<li>Kleur kerstbal: goud en rood<\/li>\n<li>Mat\u00e9riau : PVC<\/li>\n<li>Lengte: 10 m<\/li>\n<li>Met 900 takken<\/li>\n<li>Convient \u00e0 une utilisation int\u00e9rieure et ext\u00e9rieure<\/li>\n<li><strong>La livraison comprend<\/strong><\/li>\n<li>1 x slinger<\/li>\n<li>32 x 4 cm kerstbal (16 x goud en 16 x rood)<\/li>\n<li>32 x 6 cm kerstbal (16 x goud en 16 x rood)<\/li>\n<\/ul>","protected":false},"featured_media":43973,"comment_status":"closed","ping_status":"open","template":"","meta":[],"product_brand":[],"product_cat":[1330,1240,1329],"product_tag":[1788,1786,144],"class_list":{"0":"post-43971","1":"product","2":"type-product","3":"status-publish","4":"has-post-thumbnail","6":"product_cat-decoratie-voor-feestdagen","7":"product_cat-huis-tuin","8":"product_cat-seizoensdecoraties","9":"product_tag-pvc","10":"product_tag-waterbestendig","11":"product_tag-wit","12":"pa_afwerking-waterbestendig","13":"pa_kleur-wit","14":"pa_materiaal-pvc","16":"first","17":"instock","18":"sale","19":"purchasable","20":"product-type-simple"},"_links":{"self":[{"href":"https:\/\/movio.be\/fr\/wp-json\/wp\/v2\/product\/43971","targetHints":{"allow":["GET"]}}],"collection":[{"href":"https:\/\/movio.be\/fr\/wp-json\/wp\/v2\/product"}],"about":[{"href":"https:\/\/movio.be\/fr\/wp-json\/wp\/v2\/types\/product"}],"replies":[{"embeddable":true,"href":"https:\/\/movio.be\/fr\/wp-json\/wp\/v2\/comments?post=43971"}],"version-history":[{"count":2,"href":"https:\/\/movio.be\/fr\/wp-json\/wp\/v2\/product\/43971\/revisions"}],"predecessor-version":[{"id":92971,"href":"https:\/\/movio.be\/fr\/wp-json\/wp\/v2\/product\/43971\/revisions\/92971"}],"wp:featuredmedia":[{"embeddable":true,"href":"https:\/\/movio.be\/fr\/wp-json\/wp\/v2\/media\/43973"}],"wp:attachment":[{"href":"https:\/\/movio.be\/fr\/wp-json\/wp\/v2\/media?parent=43971"}],"wp:term":[{"taxonomy":"product_brand","embeddable":true,"href":"https:\/\/movio.be\/fr\/wp-json\/wp\/v2\/product_brand?post=43971"},{"taxonomy":"product_cat","embeddable":true,"href":"https:\/\/movio.be\/fr\/wp-json\/wp\/v2\/product_cat?post=43971"},{"taxonomy":"product_tag","embeddable":true,"href":"https:\/\/movio.be\/fr\/wp-json\/wp\/v2\/product_tag?post=43971"}],"curies":[{"name":"wp","href":"https:\/\/api.w.org\/{rel}","templated":true}]}}