{"id":42389,"date":"2025-05-15T11:29:37","date_gmt":"2025-05-15T11:29:37","guid":{"rendered":"https:\/\/movio.be\/product\/provira-kerstslinger-met-kerstballen-en-led-verlichting-20-m-pvc-groen\/"},"modified":"2026-04-27T14:21:11","modified_gmt":"2026-04-27T14:21:11","slug":"provira-kerstslinger-met-kerstballen-en-led-verlichting-20-m-pvc-groen","status":"publish","type":"product","link":"https:\/\/movio.be\/fr\/product\/provira-kerstslinger-met-kerstballen-en-led-verlichting-20-m-pvc-groen\/","title":{"rendered":"Kerstslinger met kerstballen en LED-verlichting 20 m PVC groen"},"content":{"rendered":"<p>Deze mooie kerstslinger is een ideale decoratie voor uw trapleuning, plafond, open haard of ramen en zal de perfecte sfeer cre\u00ebren voor Kerstmis. Weerbestendig PVC: deze mooie kerstversiering is gemaakt van PVC en is weerbestendig, zodat hij zowel binnen als in overdekte buitenruimtes gebruikt kan worden.Warme LED-lampjes: dankzij de 300 LED-lampjes geeft deze kerstkrans een zachte gloed aan je huis en ziet hij er &#8217;s avonds absoluut prachtig uit.Verschillende lichteffecten: De kerstslinger is uitgerust met 8 verschillende lichteffecten: een combinatie van alle effecten, langzaam gloeiend, sprankelend\/knipperend, golfachtig, vloeiend, sequentieel, continue verlichting en langzame vervaging.Opvallend ontwerp: deze kerstversiering is versierd met kerstballen en is bespoten met kunstsneeuw om uw kerst aan te vullen. Het zal een opvallende decoratie zijn voor uw festival.Voordelige decoratie: wanneer hij niet wordt gebruikt, kan hij gemakkelijk worden opgeborgen voor gebruik in het volgende jaar. Deze kerstkrans is dus een economische keuze. Goed om te weten: Het product heeft een USB-aansluiting waarvoor een gecertificeerde 5V USB-voedingsbron vereist is (niet inbegrepen).Zorg ervoor dat de USB-aansluiting in een droge omgeving wordt aangesloten. <a title=\"https:\/\/vdxl.im\/8721158415257_doc_en_1.pdf?t=1731578017\" href=\"https:\/\/vdxl.im\/8721158415257_doc_en_1.pdf?t=1731578017\" target=\"_blank\" rel=\"noopener\">GPSR<\/a><\/p>","protected":false},"excerpt":{"rendered":"<ul>\n<li>Kleur slinger: groen<\/li>\n<li>Kleur kerstbal: goud en rood<\/li>\n<li>Mat\u00e9riau : PVC<\/li>\n<li>Totale lengte: 20 m<\/li>\n<li>Spanning: DC 5 V<\/li>\n<li>Vermogen: 1,2 W<\/li>\n<li>Met 300 LED&#8217;s<\/li>\n<li>Met USB-aansluiting<\/li>\n<li>Avec 8 effets lumineux<\/li>\n<li>Met 1.800 takken<\/li>\n<li>Met witte sneeuwvlokken<\/li>\n<li>Convient \u00e0 une utilisation int\u00e9rieure et ext\u00e9rieure<\/li>\n<li>Montage n\u00e9cessaire : oui<\/li>\n<li><strong>La livraison comprend<\/strong><\/li>\n<li>1 x kerstslinger<\/li>\n<li>1 x LED-lichtslinger<\/li>\n<li>64 x 4 cm kerstbal (32 x goud en 32 x glanzend rood)<\/li>\n<li>64 x 6 cm kerstbal (32 x goud en 32 x glanzend rood)<\/li>\n<\/ul>","protected":false},"featured_media":42391,"comment_status":"closed","ping_status":"open","template":"","meta":[],"product_brand":[],"product_cat":[1330,1240,1329],"product_tag":[340,1788,1786],"class_list":{"0":"post-42389","1":"product","2":"type-product","3":"status-publish","4":"has-post-thumbnail","6":"product_cat-decoratie-voor-feestdagen","7":"product_cat-huis-tuin","8":"product_cat-seizoensdecoraties","9":"product_tag-groen","10":"product_tag-pvc","11":"product_tag-waterbestendig","12":"pa_afwerking-waterbestendig","13":"pa_kleur-groen","14":"pa_materiaal-pvc","16":"first","17":"instock","18":"sale","19":"purchasable","20":"product-type-simple"},"_links":{"self":[{"href":"https:\/\/movio.be\/fr\/wp-json\/wp\/v2\/product\/42389","targetHints":{"allow":["GET"]}}],"collection":[{"href":"https:\/\/movio.be\/fr\/wp-json\/wp\/v2\/product"}],"about":[{"href":"https:\/\/movio.be\/fr\/wp-json\/wp\/v2\/types\/product"}],"replies":[{"embeddable":true,"href":"https:\/\/movio.be\/fr\/wp-json\/wp\/v2\/comments?post=42389"}],"version-history":[{"count":2,"href":"https:\/\/movio.be\/fr\/wp-json\/wp\/v2\/product\/42389\/revisions"}],"predecessor-version":[{"id":93313,"href":"https:\/\/movio.be\/fr\/wp-json\/wp\/v2\/product\/42389\/revisions\/93313"}],"wp:featuredmedia":[{"embeddable":true,"href":"https:\/\/movio.be\/fr\/wp-json\/wp\/v2\/media\/42391"}],"wp:attachment":[{"href":"https:\/\/movio.be\/fr\/wp-json\/wp\/v2\/media?parent=42389"}],"wp:term":[{"taxonomy":"product_brand","embeddable":true,"href":"https:\/\/movio.be\/fr\/wp-json\/wp\/v2\/product_brand?post=42389"},{"taxonomy":"product_cat","embeddable":true,"href":"https:\/\/movio.be\/fr\/wp-json\/wp\/v2\/product_cat?post=42389"},{"taxonomy":"product_tag","embeddable":true,"href":"https:\/\/movio.be\/fr\/wp-json\/wp\/v2\/product_tag?post=42389"}],"curies":[{"name":"wp","href":"https:\/\/api.w.org\/{rel}","templated":true}]}}