{"id":42159,"date":"2025-05-15T11:27:07","date_gmt":"2025-05-15T11:27:07","guid":{"rendered":"https:\/\/movio.be\/product\/provira-zwembadhoes-488-cm-pe-zilverkleurig\/"},"modified":"2026-04-27T14:21:03","modified_gmt":"2026-04-27T14:21:03","slug":"provira-zwembadhoes-488-cm-pe-zilverkleurig","status":"publish","type":"product","link":"https:\/\/movio.be\/fr\/product\/provira-zwembadhoes-488-cm-pe-zilverkleurig\/","title":{"rendered":"Couverture de piscine 488 cm PE argent\u00e9"},"content":{"rendered":"<p>Prolongez votre saison de baignade avec notre couverture solaire ! Cette couverture de piscine repose directement sur la surface de l'eau, \u00e0 l'int\u00e9rieur des bords de la piscine, et peut donc augmenter la temp\u00e9rature de l'eau de la piscine jusqu'\u00e0 1\u00b0C, en fonction de l'ensoleillement direct. Gr\u00e2ce aux bulles de PE sur toute la surface, la chaleur est conserv\u00e9e beaucoup plus longtemps. Cette couverture est le moyen le plus \u00e9conomique de chauffer votre piscine. En m\u00eame temps, elle contribue \u00e0 r\u00e9duire la consommation de produits chimiques et l'\u00e9vaporation de l'eau. La couverture est l\u00e9g\u00e8re mais durable. Elle peut \u00eatre personnalis\u00e9e pour s'adapter aux piscines plus petites.<\/p>","protected":false},"excerpt":{"rendered":"<ul>\n<li>Couleur : argent<\/li>\n<li>Mat\u00e9riau : PE (poly\u00e9thyl\u00e8ne) avec chambres \u00e0 air<\/li>\n<li>Diam\u00e8tre : 488 cm<\/li>\n<\/ul>","protected":false},"featured_media":42161,"comment_status":"closed","ping_status":"open","template":"","meta":[],"product_brand":[],"product_cat":[1240,1331,1336],"product_tag":[1787,1817,189],"class_list":{"0":"post-42159","1":"product","2":"type-product","3":"status-publish","4":"has-post-thumbnail","6":"product_cat-huis-tuin","7":"product_cat-zwembaden-spas","8":"product_cat-zwembadhoezen-grondzeilen","9":"product_tag-duurzaam","10":"product_tag-hoes","11":"product_tag-zilver","12":"pa_afwerking-duurzaam","13":"pa_afwerking-zilver","14":"pa_materiaal-pp","15":"pa_producttype-hoes","17":"first","18":"instock","19":"sale","20":"purchasable","21":"product-type-simple"},"_links":{"self":[{"href":"https:\/\/movio.be\/fr\/wp-json\/wp\/v2\/product\/42159","targetHints":{"allow":["GET"]}}],"collection":[{"href":"https:\/\/movio.be\/fr\/wp-json\/wp\/v2\/product"}],"about":[{"href":"https:\/\/movio.be\/fr\/wp-json\/wp\/v2\/types\/product"}],"replies":[{"embeddable":true,"href":"https:\/\/movio.be\/fr\/wp-json\/wp\/v2\/comments?post=42159"}],"version-history":[{"count":2,"href":"https:\/\/movio.be\/fr\/wp-json\/wp\/v2\/product\/42159\/revisions"}],"predecessor-version":[{"id":93431,"href":"https:\/\/movio.be\/fr\/wp-json\/wp\/v2\/product\/42159\/revisions\/93431"}],"wp:featuredmedia":[{"embeddable":true,"href":"https:\/\/movio.be\/fr\/wp-json\/wp\/v2\/media\/42161"}],"wp:attachment":[{"href":"https:\/\/movio.be\/fr\/wp-json\/wp\/v2\/media?parent=42159"}],"wp:term":[{"taxonomy":"product_brand","embeddable":true,"href":"https:\/\/movio.be\/fr\/wp-json\/wp\/v2\/product_brand?post=42159"},{"taxonomy":"product_cat","embeddable":true,"href":"https:\/\/movio.be\/fr\/wp-json\/wp\/v2\/product_cat?post=42159"},{"taxonomy":"product_tag","embeddable":true,"href":"https:\/\/movio.be\/fr\/wp-json\/wp\/v2\/product_tag?post=42159"}],"curies":[{"name":"wp","href":"https:\/\/api.w.org\/{rel}","templated":true}]}}