{"id":39766,"date":"2025-05-14T22:20:26","date_gmt":"2025-05-14T22:20:26","guid":{"rendered":"https:\/\/movio.be\/product\/provira-pedaalemmer-voor-recycling-24-l-roestvrij-staal\/"},"modified":"2026-04-27T14:20:21","modified_gmt":"2026-04-27T14:20:21","slug":"provira-pedaalemmer-voor-recycling-24-l-roestvrij-staal","status":"publish","type":"product","link":"https:\/\/movio.be\/fr\/product\/provira-pedaalemmer-voor-recycling-24-l-roestvrij-staal\/","title":{"rendered":"Poubelle \u00e0 p\u00e9dale pour le recyclage 24 L acier inoxydable"},"content":{"rendered":"<p>Cette poubelle \u00e0 p\u00e9dale de recyclage chic et pratique, avec couvercle \u00e0 fermeture souple, est indispensable dans la cuisine, le salon, le bureau, etc. La poubelle est \u00e9quip\u00e9e de 3 seaux amovibles pour le tri des d\u00e9chets. Les couvercles s'ouvrent et se ferment sans effort en appuyant sur les p\u00e9dales. Les fentes situ\u00e9es derri\u00e8re les p\u00e9dales sont dot\u00e9es d'un code couleur, ce qui facilite encore le tri des d\u00e9chets. La poubelle \u00e0 p\u00e9dale pour le recyclage a un corps en acier inoxydable avec une finition mate, ce qui lui conf\u00e8re un aspect chic. Les seaux, les couvercles et la base sont en polypropyl\u00e8ne (PP) durable. Les couvercles \u00e0 fermeture souple s'ouvrent et se ferment en douceur. Lorsqu'ils sont ferm\u00e9s, les couvercles emp\u00eachent les mauvaises odeurs de se r\u00e9pandre. Chaque seau est dot\u00e9 d'une grande poign\u00e9e et peut \u00eatre facilement retir\u00e9.<\/p>","protected":false},"excerpt":{"rendered":"<ul>\n<li>Couleur : argent et noir<\/li>\n<li>Mat\u00e9riau : corps en acier inoxydable et seaux, couvercles et base en polypropyl\u00e8ne (PP).<\/li>\n<li>Dimensions : 46 x 26,5 x 39,5 cm (L x P x H)<\/li>\n<li>Avec une finition mate<\/li>\n<li>Capacit\u00e9 : 24 L (8 L x 3)<\/li>\n<li>Couvercles \u00e0 fermeture douce<\/li>\n<li>Avec 3 godets amovibles<\/li>\n<li>Code couleur pour faciliter le tri<\/li>\n<li>Couvercles faciles \u00e0 ouvrir gr\u00e2ce aux p\u00e9dales<\/li>\n<\/ul>","protected":false},"featured_media":39768,"comment_status":"closed","ping_status":"open","template":"","meta":[],"product_brand":[],"product_cat":[1264,1240,1261],"product_tag":[1862,1807,1787,353,188,1936,151,133],"class_list":{"0":"post-39766","1":"product","2":"type-product","3":"status-publish","4":"has-post-thumbnail","6":"product_cat-afvalverwerking","7":"product_cat-huis-tuin","8":"product_cat-huishoudelijke-benodigdheden","9":"product_tag-chique","10":"product_tag-design","11":"product_tag-duurzaam","12":"product_tag-mat","13":"product_tag-roestvrij-staal","14":"product_tag-soft-close","15":"product_tag-staal","16":"product_tag-zwart","17":"pa_afwerking-chique","18":"pa_afwerking-duurzaam","19":"pa_afwerking-mat","20":"pa_afwerking-soft-close","21":"pa_kleur-zwart","22":"pa_materiaal-pp","23":"pa_stijl-design","25":"first","26":"instock","27":"sale","28":"purchasable","29":"product-type-simple"},"_links":{"self":[{"href":"https:\/\/movio.be\/fr\/wp-json\/wp\/v2\/product\/39766","targetHints":{"allow":["GET"]}}],"collection":[{"href":"https:\/\/movio.be\/fr\/wp-json\/wp\/v2\/product"}],"about":[{"href":"https:\/\/movio.be\/fr\/wp-json\/wp\/v2\/types\/product"}],"replies":[{"embeddable":true,"href":"https:\/\/movio.be\/fr\/wp-json\/wp\/v2\/comments?post=39766"}],"version-history":[{"count":2,"href":"https:\/\/movio.be\/fr\/wp-json\/wp\/v2\/product\/39766\/revisions"}],"predecessor-version":[{"id":93999,"href":"https:\/\/movio.be\/fr\/wp-json\/wp\/v2\/product\/39766\/revisions\/93999"}],"wp:featuredmedia":[{"embeddable":true,"href":"https:\/\/movio.be\/fr\/wp-json\/wp\/v2\/media\/39768"}],"wp:attachment":[{"href":"https:\/\/movio.be\/fr\/wp-json\/wp\/v2\/media?parent=39766"}],"wp:term":[{"taxonomy":"product_brand","embeddable":true,"href":"https:\/\/movio.be\/fr\/wp-json\/wp\/v2\/product_brand?post=39766"},{"taxonomy":"product_cat","embeddable":true,"href":"https:\/\/movio.be\/fr\/wp-json\/wp\/v2\/product_cat?post=39766"},{"taxonomy":"product_tag","embeddable":true,"href":"https:\/\/movio.be\/fr\/wp-json\/wp\/v2\/product_tag?post=39766"}],"curies":[{"name":"wp","href":"https:\/\/api.w.org\/{rel}","templated":true}]}}