{"id":27360,"date":"2025-05-14T15:37:24","date_gmt":"2025-05-14T15:37:24","guid":{"rendered":"https:\/\/movio.be\/product\/provira-2-delige-badkamermeubelset-keramiek-grijs\/"},"modified":"2026-04-27T14:17:21","modified_gmt":"2026-04-27T14:17:21","slug":"provira-2-delige-badkamermeubelset-keramiek-grijs","status":"publish","type":"product","link":"https:\/\/movio.be\/fr\/product\/provira-2-delige-badkamermeubelset-keramiek-grijs\/","title":{"rendered":"Ensemble de meubles de salle de bains 2 pi\u00e8ces gris c\u00e9ramique"},"content":{"rendered":"<p>Notre ensemble de meubles de salle de bains, pratique et intemporel, se compose d'une \u00e9tag\u00e8re murale et d'une vasque ovale. Il constitue un ajout \u00e9l\u00e9gant \u00e0 toute salle de bains, salle d'eau ou toilettes. L'\u00e9tag\u00e8re murale pour salle de bains est fabriqu\u00e9e dans un mat\u00e9riau solide et est extr\u00eamement stable et durable, ce qui en fait l'endroit id\u00e9al pour placer la vasque en c\u00e9ramique incluse. Cette vasque en c\u00e9ramique pr\u00e9sente une finition brillante et se nettoie facilement \u00e0 l'aide d'un chiffon humide. De plus, l'armoire de salle de bains peut \u00eatre facilement install\u00e9e au mur gr\u00e2ce aux supports et au mat\u00e9riel de fixation fournis. La combinaison parfaite de l'\u00e9tag\u00e8re murale et de la vasque en fait la pi\u00e8ce ma\u00eetresse de votre salle de bains ! Veuillez noter qu'aucune bonde n'est incluse dans la livraison. Les enfants doivent \u00eatre surveill\u00e9s afin de s'assurer qu'ils ne jouent pas avec l'appareil. Tenez les enfants \u00e9loign\u00e9s de la zone d'assemblage. Remarque : lisez attentivement les instructions avant d'utiliser l'appareil et conservez-les pour un usage ult\u00e9rieur.<\/p>","protected":false},"excerpt":{"rendered":"<ul>\n<li><strong>Papier peint<\/strong><\/li>\n<li>Couleur : gris<\/li>\n<li>Mat\u00e9riau du cadre : bois sculpt\u00e9 et cadre m\u00e9tallique<\/li>\n<li>Dimensions totales : 60 x 40 x 16,3 cm (L x P x H)<\/li>\n<li>Epaisseur de l'\u00e9tag\u00e8re : 25 mm<\/li>\n<li>Dimensions du support de montage : 35 x 13,8 cm (D x H)<\/li>\n<li>Mat\u00e9riel de fixation inclus<\/li>\n<li><strong>Bassin ovale :<\/strong><\/li>\n<li>Couleur : blanc<\/li>\n<li>Mat\u00e9riau : c\u00e9ramique<\/li>\n<li>Dimensions totales : 40 x 33 x 13,5 cm (L x P x H)<\/li>\n<li>Diam\u00e8tre du trou d'\u00e9vacuation : 4,5 cm<\/li>\n<li>Type d'installation : sur un plateau<\/li>\n<li><strong>La livraison comprend 1 \u00e9tag\u00e8re murale et 1 lavabo<\/strong><\/li>\n<\/ul>","protected":false},"featured_media":27362,"comment_status":"closed","ping_status":"open","template":"","meta":[],"product_brand":[81],"product_cat":[1496,1234,1495],"product_tag":[232,1824,1787,101,237,353,388,1785],"class_list":{"0":"post-27360","1":"product","2":"type-product","3":"status-publish","4":"has-post-thumbnail","6":"product_brand-provira","7":"product_cat-badkamermeubelsets","8":"product_cat-meubelen","9":"product_cat-meubelsets","10":"product_tag-badkamermeubel","11":"product_tag-badkamermeubelset","12":"product_tag-duurzaam","13":"product_tag-grijs","14":"product_tag-hoogglans","15":"product_tag-mat","16":"product_tag-meubelset","17":"product_tag-stabiel","18":"pa_afwerking-duurzaam","19":"pa_afwerking-hoogglans","20":"pa_afwerking-mat","21":"pa_afwerking-stabiel","22":"pa_kleur-grijs","23":"pa_materiaal-pp","24":"pa_producttype-badkamermeubel","25":"pa_producttype-badkamermeubelset","27":"first","28":"instock","29":"sale","30":"purchasable","31":"product-type-simple"},"_links":{"self":[{"href":"https:\/\/movio.be\/fr\/wp-json\/wp\/v2\/product\/27360","targetHints":{"allow":["GET"]}}],"collection":[{"href":"https:\/\/movio.be\/fr\/wp-json\/wp\/v2\/product"}],"about":[{"href":"https:\/\/movio.be\/fr\/wp-json\/wp\/v2\/types\/product"}],"replies":[{"embeddable":true,"href":"https:\/\/movio.be\/fr\/wp-json\/wp\/v2\/comments?post=27360"}],"version-history":[{"count":2,"href":"https:\/\/movio.be\/fr\/wp-json\/wp\/v2\/product\/27360\/revisions"}],"predecessor-version":[{"id":93846,"href":"https:\/\/movio.be\/fr\/wp-json\/wp\/v2\/product\/27360\/revisions\/93846"}],"wp:featuredmedia":[{"embeddable":true,"href":"https:\/\/movio.be\/fr\/wp-json\/wp\/v2\/media\/27362"}],"wp:attachment":[{"href":"https:\/\/movio.be\/fr\/wp-json\/wp\/v2\/media?parent=27360"}],"wp:term":[{"taxonomy":"product_brand","embeddable":true,"href":"https:\/\/movio.be\/fr\/wp-json\/wp\/v2\/product_brand?post=27360"},{"taxonomy":"product_cat","embeddable":true,"href":"https:\/\/movio.be\/fr\/wp-json\/wp\/v2\/product_cat?post=27360"},{"taxonomy":"product_tag","embeddable":true,"href":"https:\/\/movio.be\/fr\/wp-json\/wp\/v2\/product_tag?post=27360"}],"curies":[{"name":"wp","href":"https:\/\/api.w.org\/{rel}","templated":true}]}}