{"id":23213,"date":"2025-05-14T14:59:16","date_gmt":"2025-05-14T14:59:16","guid":{"rendered":"https:\/\/movio.be\/product\/provira-kledingkast-825x515x180-cm-spaanplaat-hoogglans-zwart\/"},"modified":"2026-04-27T14:16:06","modified_gmt":"2026-04-27T14:16:06","slug":"provira-kledingkast-825x515x180-cm-spaanplaat-hoogglans-zwart","status":"publish","type":"product","link":"https:\/\/movio.be\/fr\/product\/provira-kledingkast-825x515x180-cm-spaanplaat-hoogglans-zwart\/","title":{"rendered":"Armoire 82.5\u00d751.5\u00d7180 cm panneau de particules noir brillant"},"content":{"rendered":"<p>Cette armoire compacte vous permet d'acc\u00e9der facilement \u00e0 vos v\u00eatements et accessoires de tous les jours. Elle constitue une solution de rangement parfaite et donne une touche chic \u00e0 votre int\u00e9rieur. Cette armoire dispose d'un grand compartiment qui offre suffisamment d'espace pour vos v\u00eatements et accessoires. Elle est facile \u00e0 nettoyer.<\/p>","protected":false},"excerpt":{"rendered":"<ul>\n<li>Couleur : noir brillant<\/li>\n<li>Mat\u00e9riau : agglom\u00e9r\u00e9<\/li>\n<li>Dimensions : 82,5 x 51,5 x 180 cm (L x L x H)<\/li>\n<li>Assemblage n\u00e9cessaire<\/li>\n<li><strong>AVERTISSEMENT<\/strong>Pour \u00e9viter tout risque de renversement ou de basculement, fixez ce produit au mur \u00e0 l'aide de la fixation murale fournie.<\/li>\n<li><strong>Remarque :<\/strong> Les vis et les chevilles pour le montage mural ne sont pas incluses. Utilisez des vis et des chevilles adapt\u00e9es \u00e0 votre mur. En cas de doute, consultez un professionnel. Lisez et suivez attentivement toutes les instructions.<\/li>\n<li>Documents l\u00e9gaux :\n<p><span>De plus amples informations sur la mani\u00e8re d'\u00e9viter le basculement de meubles sont disponibles \u00e0 l'adresse suivante <span style=\"text-decoration: underline;\"><strong><a title=\"https:\/\/bit.ly\/3i6EPfB\" href=\"https:\/\/bit.ly\/3i6EPfB\" target=\"_blank\">ici<\/a><\/strong><\/span><\/span><\/p>\n<\/li>\n<\/ul>","protected":false},"featured_media":23215,"comment_status":"closed","ping_status":"open","template":"","meta":[],"product_brand":[81],"product_cat":[1476,1485,1234],"product_tag":[139,1862,1802,237,127,233,133],"class_list":{"0":"post-23213","1":"product","2":"type-product","3":"status-publish","4":"has-post-thumbnail","6":"product_brand-provira","7":"product_cat-kasten-opbergmeubelen","8":"product_cat-kledingkasten","9":"product_cat-meubelen","10":"product_tag-bewerkt-hout","11":"product_tag-chique","12":"product_tag-gemakkelijk-schoon-te-maken","13":"product_tag-hoogglans","14":"product_tag-kast","15":"product_tag-spaanplaat","16":"product_tag-zwart","17":"pa_afwerking-chique","18":"pa_afwerking-gemakkelijk-schoon-te-maken","19":"pa_afwerking-hoogglans","20":"pa_kleur-zwart","21":"pa_materiaal-bewerkt-hout","22":"pa_producttype-kast","24":"first","25":"instock","26":"sale","27":"purchasable","28":"product-type-simple"},"_links":{"self":[{"href":"https:\/\/movio.be\/fr\/wp-json\/wp\/v2\/product\/23213","targetHints":{"allow":["GET"]}}],"collection":[{"href":"https:\/\/movio.be\/fr\/wp-json\/wp\/v2\/product"}],"about":[{"href":"https:\/\/movio.be\/fr\/wp-json\/wp\/v2\/types\/product"}],"replies":[{"embeddable":true,"href":"https:\/\/movio.be\/fr\/wp-json\/wp\/v2\/comments?post=23213"}],"version-history":[{"count":2,"href":"https:\/\/movio.be\/fr\/wp-json\/wp\/v2\/product\/23213\/revisions"}],"predecessor-version":[{"id":95523,"href":"https:\/\/movio.be\/fr\/wp-json\/wp\/v2\/product\/23213\/revisions\/95523"}],"wp:featuredmedia":[{"embeddable":true,"href":"https:\/\/movio.be\/fr\/wp-json\/wp\/v2\/media\/23215"}],"wp:attachment":[{"href":"https:\/\/movio.be\/fr\/wp-json\/wp\/v2\/media?parent=23213"}],"wp:term":[{"taxonomy":"product_brand","embeddable":true,"href":"https:\/\/movio.be\/fr\/wp-json\/wp\/v2\/product_brand?post=23213"},{"taxonomy":"product_cat","embeddable":true,"href":"https:\/\/movio.be\/fr\/wp-json\/wp\/v2\/product_cat?post=23213"},{"taxonomy":"product_tag","embeddable":true,"href":"https:\/\/movio.be\/fr\/wp-json\/wp\/v2\/product_tag?post=23213"}],"curies":[{"name":"wp","href":"https:\/\/api.w.org\/{rel}","templated":true}]}}