{"id":11763,"date":"2025-05-14T13:08:48","date_gmt":"2025-05-14T13:08:48","guid":{"rendered":"https:\/\/movio.be\/product\/provira-eetkamerbank-110x40x46-cm-massief-acaciahout-en-staal\/"},"modified":"2026-04-27T14:10:00","modified_gmt":"2026-04-27T14:10:00","slug":"provira-eetkamerbank-110x40x46-cm-massief-acaciahout-en-staal","status":"publish","type":"product","link":"https:\/\/movio.be\/fr\/product\/provira-eetkamerbank-110x40x46-cm-massief-acaciahout-en-staal\/","title":{"rendered":"Eetkamerbank 110x40x46 cm massief acaciahout en staal"},"content":{"rendered":"<p>Geniet aan deze eetkamerbank in industri\u00eble stijl samen met familie en vrienden van een lekkere maaltijd. Massief acaciahout: massief acaciahout is een prachtig, natuurlijk materiaal. Acaciahout is een tropisch hardhout dat stevig en duurzaam is.Gepoedercoat staal: staal is een buitengewoon hard en sterk materiaal. Het biedt stevigheid en stabiliteit. De poedercoating op het staal vormt een beschermlaag tegen slijtage.Industrieel ontwerp: voeg een charmante industri\u00eble stijl toe aan je huidige inrichting. De keukenbank voegt het ge\u00efnspireerde ontwerp van oude fabrieken en industri\u00eble ruimtes toe aan je woonomgeving. Goed om te weten:De kleuren en nerven vari\u00ebren per stuk, waardoor elk meubelstuk uniek is. De levering is willekeurig, wat de exclusiviteit en individualiteit van je product garandeert.<\/p>","protected":false},"excerpt":{"rendered":"<ul>\n<li>Materiaal: massief acaciahout en gepoedercoat staal<\/li>\n<li>Afmetingen: 110 x 40 x 46 cm (L x B x H)<\/li>\n<li>Montage vereist: ja<\/li>\n<li> <\/li>\n<\/ul>","protected":false},"featured_media":11765,"comment_status":"closed","ping_status":"open","template":"","meta":[],"product_brand":[81],"product_cat":[1634],"product_tag":[216,1797,1807,1787,370,84,321,353,198,151],"class_list":{"0":"post-11763","1":"product","2":"type-product","3":"status-publish","4":"has-post-thumbnail","6":"product_brand-provira","7":"product_cat-industriele-stijl","8":"product_tag-acaciahout","9":"product_tag-bank","10":"product_tag-design","11":"product_tag-duurzaam","12":"product_tag-gepoedercoat","13":"product_tag-hout","14":"product_tag-massief","15":"product_tag-mat","16":"product_tag-natuurlijk","17":"product_tag-staal","18":"pa_afwerking-duurzaam","19":"pa_afwerking-gepoedercoat","20":"pa_afwerking-massief","21":"pa_afwerking-mat","22":"pa_afwerking-natuurlijk","23":"pa_materiaal-acaciahout","24":"pa_producttype-bank","25":"pa_stijl-design","27":"first","28":"instock","29":"sale","30":"purchasable","31":"product-type-simple"},"_links":{"self":[{"href":"https:\/\/movio.be\/fr\/wp-json\/wp\/v2\/product\/11763","targetHints":{"allow":["GET"]}}],"collection":[{"href":"https:\/\/movio.be\/fr\/wp-json\/wp\/v2\/product"}],"about":[{"href":"https:\/\/movio.be\/fr\/wp-json\/wp\/v2\/types\/product"}],"replies":[{"embeddable":true,"href":"https:\/\/movio.be\/fr\/wp-json\/wp\/v2\/comments?post=11763"}],"version-history":[{"count":2,"href":"https:\/\/movio.be\/fr\/wp-json\/wp\/v2\/product\/11763\/revisions"}],"predecessor-version":[{"id":94840,"href":"https:\/\/movio.be\/fr\/wp-json\/wp\/v2\/product\/11763\/revisions\/94840"}],"wp:featuredmedia":[{"embeddable":true,"href":"https:\/\/movio.be\/fr\/wp-json\/wp\/v2\/media\/11765"}],"wp:attachment":[{"href":"https:\/\/movio.be\/fr\/wp-json\/wp\/v2\/media?parent=11763"}],"wp:term":[{"taxonomy":"product_brand","embeddable":true,"href":"https:\/\/movio.be\/fr\/wp-json\/wp\/v2\/product_brand?post=11763"},{"taxonomy":"product_cat","embeddable":true,"href":"https:\/\/movio.be\/fr\/wp-json\/wp\/v2\/product_cat?post=11763"},{"taxonomy":"product_tag","embeddable":true,"href":"https:\/\/movio.be\/fr\/wp-json\/wp\/v2\/product_tag?post=11763"}],"curies":[{"name":"wp","href":"https:\/\/api.w.org\/{rel}","templated":true}]}}